{"id":29,"date":"2023-10-19T11:35:43","date_gmt":"2023-10-19T11:35:43","guid":{"rendered":"https:\/\/planisource.com\/?page_id=29"},"modified":"2024-08-08T14:31:01","modified_gmt":"2024-08-08T14:31:01","slug":"carrieres","status":"publish","type":"page","link":"https:\/\/planisource.com\/en\/careers\/","title":{"rendered":"Carri\u00e8re"},"content":{"rendered":"<div data-elementor-type=\"wp-page\" data-elementor-id=\"29\" class=\"elementor elementor-29\">\n\t\t\t\t<div class=\"elementor-element elementor-element-134073a e-flex e-con-boxed e-con e-parent\" data-id=\"134073a\" data-element_type=\"container\" data-settings=\"{&quot;background_background&quot;:&quot;classic&quot;}\">\n\t\t\t\t\t<div class=\"e-con-inner\">\n\t\t\t\t<div class=\"elementor-element elementor-element-973077c elementor-widget elementor-widget-heading\" data-id=\"973077c\" data-element_type=\"widget\" data-widget_type=\"heading.default\">\n\t\t\t\t<div class=\"elementor-widget-container\">\n\t\t\t\t\t<h1 class=\"elementor-heading-title elementor-size-default\">Careers<\/h1>\t\t\t\t<\/div>\n\t\t\t\t<\/div>\n\t\t\t\t\t<\/div>\n\t\t\t\t<\/div>\n\t\t<div class=\"elementor-element elementor-element-fe2466a e-flex e-con-boxed e-con e-parent\" data-id=\"fe2466a\" data-element_type=\"container\" data-settings=\"{&quot;background_background&quot;:&quot;classic&quot;}\">\n\t\t\t\t\t<div class=\"e-con-inner\">\n\t\t<div class=\"elementor-element elementor-element-fac9999 e-flex e-con-boxed e-con e-child\" data-id=\"fac9999\" data-element_type=\"container\">\n\t\t\t\t\t<div class=\"e-con-inner\">\n\t\t\t\t<div class=\"elementor-element elementor-element-260f6f8 elementor-widget elementor-widget-image\" data-id=\"260f6f8\" data-element_type=\"widget\" data-widget_type=\"image.default\">\n\t\t\t\t<div class=\"elementor-widget-container\">\n\t\t\t\t\t\t\t\t\t\t\t\t\t\t\t<img fetchpriority=\"high\" decoding=\"async\" width=\"809\" height=\"636\" src=\"https:\/\/planisource.com\/wp-content\/uploads\/2023\/10\/confident-arabic-businessman-standing-in-front-of-2022-12-16-07-29-07-utc-copy-3.png\" class=\"attachment-full size-full wp-image-819\" alt=\"\" \/>\t\t\t\t\t\t\t\t\t\t\t\t\t\t\t<\/div>\n\t\t\t\t<\/div>\n\t\t\t\t\t<\/div>\n\t\t\t\t<\/div>\n\t\t<div class=\"elementor-element elementor-element-e3846e9 e-flex e-con-boxed e-con e-child\" data-id=\"e3846e9\" data-element_type=\"container\">\n\t\t\t\t\t<div class=\"e-con-inner\">\n\t\t\t\t<div class=\"elementor-element elementor-element-b2ba211 elementor-widget__width-initial elementor-widget elementor-widget-text-editor\" data-id=\"b2ba211\" data-element_type=\"widget\" data-widget_type=\"text-editor.default\">\n\t\t\t\t<div class=\"elementor-widget-container\">\n\t\t\t\t\t\t\t\t\t<p>For more than 12 years, we have been providing integrated and sustainable solutions to our clients to support them in every phase of their journey. Our secret behind all this success is the quality of our staff, which we treat with care.\nWe place great importance on the development of our employees, which allows us to have a team of seasoned experts, the best people to help you.<\/p>\t\t\t\t\t\t\t\t<\/div>\n\t\t\t\t<\/div>\n\t\t\t\t<div class=\"elementor-element elementor-element-ab63896 elementor-align-left elementor-mobile-align-center elementor-widget elementor-widget-button\" data-id=\"ab63896\" data-element_type=\"widget\" data-widget_type=\"button.default\">\n\t\t\t\t<div class=\"elementor-widget-container\">\n\t\t\t\t\t\t\t\t\t<div class=\"elementor-button-wrapper\">\n\t\t\t\t\t<a class=\"elementor-button elementor-button-link elementor-size-sm\" href=\"#PostID\">\n\t\t\t\t\t\t<span class=\"elementor-button-content-wrapper\">\n\t\t\t\t\t\t<span class=\"elementor-button-icon\">\n\t\t\t\t<svg xmlns=\"http:\/\/www.w3.org\/2000\/svg\" xmlns:xlink=\"http:\/\/www.w3.org\/1999\/xlink\" width=\"18px\" height=\"10px\" viewbox=\"0 0 18 10\"><title>Path<\/title><g id=\"MAQUETTE_WEB\" stroke=\"none\" stroke-width=\"1\" fill=\"none\" fill-rule=\"evenodd\"><g id=\"planisource_maquetteweb_ACCUEIL_2023.03.15_V3\" transform=\"translate(-441.000000, -776.000000)\" fill=\"#FFFFFF\" fill-rule=\"nonzero\"><path d=\"M449.706835,772.293165 L444.999835,777.000165 C444.747249,777.252751 444.648602,777.620905 444.741055,777.965945 C444.833509,778.310985 445.103015,778.580491 445.448055,778.672945 C445.793095,778.765398 446.161249,778.666751 446.413835,778.414165 L448.706835,776.121165 L448.706835,788.707165 C448.706835,789.259449 449.154551,789.707165 449.706835,789.707165 C450.25912,789.707165 450.706835,789.259449 450.706835,788.707165 L450.706835,776.121165 L452.999835,778.414165 C453.18697,778.602374 453.441426,778.7082 453.706835,778.7082 C453.972245,778.7082 454.2267,778.602374 454.413835,778.414165 C454.601552,778.226767 454.707036,777.97241 454.707036,777.707165 C454.707036,777.441919 454.601552,777.187562 454.413835,777.000165 L449.706835,772.293165 Z\" id=\"Path\" transform=\"translate(449.707000, 781.000165) rotate(-270.000000) translate(-449.707000, -781.000165) \"><\/path><\/g><\/g><\/svg>\t\t\t<\/span>\n\t\t\t\t\t\t\t\t\t<span class=\"elementor-button-text\">See the opportunities<\/span>\n\t\t\t\t\t<\/span>\n\t\t\t\t\t<\/a>\n\t\t\t\t<\/div>\n\t\t\t\t\t\t\t\t<\/div>\n\t\t\t\t<\/div>\n\t\t\t\t\t<\/div>\n\t\t\t\t<\/div>\n\t\t\t\t\t<\/div>\n\t\t\t\t<\/div>\n\t\t<div class=\"elementor-element elementor-element-7df5214 e-flex e-con-boxed e-con e-parent\" data-id=\"7df5214\" data-element_type=\"container\" data-settings=\"{&quot;background_background&quot;:&quot;classic&quot;}\">\n\t\t\t\t\t<div class=\"e-con-inner\">\n\t\t<div class=\"elementor-element elementor-element-1f57218 e-flex e-con-boxed e-con e-child\" data-id=\"1f57218\" data-element_type=\"container\">\n\t\t\t\t\t<div class=\"e-con-inner\">\n\t\t\t\t<div class=\"elementor-element elementor-element-3c63442 elementor-hidden-tablet elementor-hidden-mobile elementor-widget elementor-widget-menu-anchor\" data-id=\"3c63442\" data-element_type=\"widget\" data-widget_type=\"menu-anchor.default\">\n\t\t\t\t<div class=\"elementor-widget-container\">\n\t\t\t\t\t\t\t<div class=\"elementor-menu-anchor\" id=\"avantage\"><\/div>\n\t\t\t\t\t\t<\/div>\n\t\t\t\t<\/div>\n\t\t\t\t<div class=\"elementor-element elementor-element-bcb4033 elementor-widget__width-initial elementor-widget elementor-widget-text-editor\" data-id=\"bcb4033\" data-element_type=\"widget\" data-widget_type=\"text-editor.default\">\n\t\t\t\t<div class=\"elementor-widget-container\">\n\t\t\t\t\t\t\t\t\t<p>In all our operations, we put people first, and that starts with our employees. We have built a corporate culture based on our values, values that come from the heart. By working together, we achieve great things with enterprising families. We all care about collaboration, which makes us a great team that listens to needs.<\/p>\t\t\t\t\t\t\t\t<\/div>\n\t\t\t\t<\/div>\n\t\t\t\t\t<\/div>\n\t\t\t\t<\/div>\n\t\t<div class=\"elementor-element elementor-element-46b8c0e e-flex e-con-boxed e-con e-child\" data-id=\"46b8c0e\" data-element_type=\"container\">\n\t\t\t\t\t<div class=\"e-con-inner\">\n\t\t\t\t<div class=\"elementor-element elementor-element-11d6a53 elementor-widget elementor-widget-image\" data-id=\"11d6a53\" data-element_type=\"widget\" data-widget_type=\"image.default\">\n\t\t\t\t<div class=\"elementor-widget-container\">\n\t\t\t\t\t\t\t\t\t\t\t\t\t\t\t<img decoding=\"async\" width=\"853\" height=\"1290\" src=\"https:\/\/planisource.com\/wp-content\/uploads\/2023\/10\/Group-6-Copy-2.svg\" class=\"attachment-full size-full wp-image-820\" alt=\"\" \/>\t\t\t\t\t\t\t\t\t\t\t\t\t\t\t<\/div>\n\t\t\t\t<\/div>\n\t\t\t\t<div class=\"elementor-element elementor-element-2937bd3 elementor-widget elementor-widget-image\" data-id=\"2937bd3\" data-element_type=\"widget\" data-widget_type=\"image.default\">\n\t\t\t\t<div class=\"elementor-widget-container\">\n\t\t\t\t\t\t\t\t\t\t\t\t\t\t\t<img decoding=\"async\" width=\"809\" height=\"636\" src=\"https:\/\/planisource.com\/wp-content\/uploads\/2023\/10\/confident-arabic-businessman-standing-in-front-of-2022-12-16-07-29-07-utc-copy-4.png\" class=\"attachment-full size-full wp-image-830\" alt=\"\" \/>\t\t\t\t\t\t\t\t\t\t\t\t\t\t\t<\/div>\n\t\t\t\t<\/div>\n\t\t\t\t<div class=\"elementor-element elementor-element-cd14d84 elementor-hidden-desktop elementor-hidden-laptop elementor-widget elementor-widget-menu-anchor\" data-id=\"cd14d84\" data-element_type=\"widget\" data-widget_type=\"menu-anchor.default\">\n\t\t\t\t<div class=\"elementor-widget-container\">\n\t\t\t\t\t\t\t<div class=\"elementor-menu-anchor\" id=\"avantage\"><\/div>\n\t\t\t\t\t\t<\/div>\n\t\t\t\t<\/div>\n\t\t\t\t\t<\/div>\n\t\t\t\t<\/div>\n\t\t\t\t\t<\/div>\n\t\t\t\t<\/div>\n\t\t<div class=\"elementor-element elementor-element-707e81e e-flex e-con-boxed e-con e-parent\" data-id=\"707e81e\" data-element_type=\"container\" data-settings=\"{&quot;background_background&quot;:&quot;classic&quot;}\">\n\t\t\t\t\t<div class=\"e-con-inner\">\n\t\t<div class=\"elementor-element elementor-element-387a3d9 e-flex e-con-boxed e-con e-child\" data-id=\"387a3d9\" data-element_type=\"container\">\n\t\t\t\t\t<div class=\"e-con-inner\">\n\t\t<div class=\"elementor-element elementor-element-88bbee8 e-flex e-con-boxed e-con e-child\" data-id=\"88bbee8\" data-element_type=\"container\">\n\t\t\t\t\t<div class=\"e-con-inner\">\n\t\t\t\t<div class=\"elementor-element elementor-element-77d57e0 elementor-widget elementor-widget-shortcode\" data-id=\"77d57e0\" data-element_type=\"widget\" data-widget_type=\"shortcode.default\">\n\t\t\t\t<div class=\"elementor-widget-container\">\n\t\t\t\t\t\t\t<div class=\"elementor-shortcode\">\n<div class=\"cardContainer\">\n\t\t<div class=\"innercardCol\">\n\t\t\t\n\t\t\t\t\t\t\t\t\n\t\t\t<div class=\"cardItem\">\n\t\t\t\t<h3>01<\/h3>\n\t\t\t\t<p>Agile culture that promotes collaborative work and the development of each of its members<\/p>\n\t\t\t<\/div>\n\t\t\t\n\t\t\t\t\t\t\n\t\t\t<div class=\"cardItem\">\n\t\t\t\t<h3>02<\/h3>\n\t\t\t\t<p>Individual development plan supported by the team, with plenty of room for personal and professional growth<\/p>\n\t\t\t<\/div>\n\t\t\t\n\t\t\t\t\t\t\n\t\t\t<div class=\"cardItem\">\n\t\t\t\t<h3>03<\/h3>\n\t\t\t\t<p>New team member matching during onboarding<\/p>\n\t\t\t<\/div>\n\t\t\t\n\t\t\t\t\t\t\n\t\t\t<div class=\"cardItem\">\n\t\t\t\t<h3>04<\/h3>\n\t\t\t\t<p>Several advanced training courses offered in the field of family support, Financial Planning for Enterprising Families and Financial Services<\/p>\n\t\t\t<\/div>\n\t\t\t\n\t\t\t\t\t\t\n\t\t\t<div class=\"cardItem\">\n\t\t\t\t<h3>05<\/h3>\n\t\t\t\t<p>Monthly face-to-face team meetings<\/p>\n\t\t\t<\/div>\n\t\t\t\n\t\t\t\t\t\t\n\t\t\t<div class=\"cardItem\">\n\t\t\t\t<h3>06<\/h3>\n\t\t\t\t<p>Team events during the summer and at Christmas<\/p>\n\t\t\t<\/div>\n\t\t\t\n\t\t\t\t\t\t\n\t\t\t<div class=\"cardItem\">\n\t\t\t\t<h3>07<\/h3>\n\t\t\t\t<p>Group insurance plan<\/p>\n\t\t\t<\/div>\n\t\t\t\n\t\t\t\t\t\t\n\t\t\t<div class=\"cardItem\">\n\t\t\t\t<h3>08<\/h3>\n\t\t\t\t<p>Deferred Profit Sharing Plan<\/p>\n\t\t\t<\/div>\n\t\t\t\n\t\t\t\t\t\t\n\t\t\t<div class=\"cardItem\">\n\t\t\t\t<h3>09<\/h3>\n\t\t\t\t<p>Quarterly revenue sharing structure, rather than individual bonus<\/p>\n\t\t\t<\/div>\n\t\t\t\n\t\t\t\t\t\t\n\t\t\t<div class=\"cardItem\">\n\t\t\t\t<h3>10<\/h3>\n\t\t\t\t<p>Flexibility of work-family balance with partial telework<\/p>\n\t\t\t<\/div>\n\t\t\t\n\t\t\t\t\t\t\n\t\t\t<div class=\"cardItem\">\n\t\t\t\t<h3>11<\/h3>\n\t\t\t\t<p>Computer equipment provided for the home<\/p>\n\t\t\t<\/div>\n\t\t\t\n\t\t\t\t\t\t\n\t\t\t<div class=\"cardItem\">\n\t\t\t\t<h3>12<\/h3>\n\t\t\t\t<p>Opportunity to be part of a close-knit, family-minded team that works hard to Improving the vitality of our society by ensuring the financial health of enterprising families.<\/p>\n\t\t\t<\/div>\n\t\t\t\n\t\t\t\t\t\t\n\t\t<\/div>\n\t<\/div>\n\n<\/div>\n\t\t\t\t\t\t<\/div>\n\t\t\t\t<\/div>\n\t\t\t\t\t<\/div>\n\t\t\t\t<\/div>\n\t\t\t\t\t<\/div>\n\t\t\t\t<\/div>\n\t\t\t\t\t<\/div>\n\t\t\t\t<\/div>\n\t\t<div class=\"elementor-element elementor-element-cd16e57 e-flex e-con-boxed e-con e-parent\" data-id=\"cd16e57\" data-element_type=\"container\">\n\t\t\t\t\t<div class=\"e-con-inner\">\n\t\t<div class=\"elementor-element elementor-element-82b74a7 e-con-full e-flex e-con e-child\" data-id=\"82b74a7\" data-element_type=\"container\">\n\t\t\t\t<\/div>\n\t\t<div class=\"elementor-element elementor-element-f372cc4 e-con-full e-flex e-con e-child\" data-id=\"f372cc4\" data-element_type=\"container\">\n\t\t<div class=\"elementor-element elementor-element-32be111 e-flex e-con-boxed e-con e-child\" data-id=\"32be111\" data-element_type=\"container\">\n\t\t\t\t\t<div class=\"e-con-inner\">\n\t\t\t\t\t<\/div>\n\t\t\t\t<\/div>\n\t\t<div class=\"elementor-element elementor-element-a5218d2 e-flex e-con-boxed e-con e-child\" data-id=\"a5218d2\" data-element_type=\"container\">\n\t\t\t\t\t<div class=\"e-con-inner\">\n\t\t\t\t\t<\/div>\n\t\t\t\t<\/div>\n\t\t\t\t<\/div>\n\t\t\t\t\t<\/div>\n\t\t\t\t<\/div>\n\t\t<div class=\"elementor-element elementor-element-fd809da e-flex e-con-boxed e-con e-parent\" data-id=\"fd809da\" data-element_type=\"container\">\n\t\t\t\t\t<div class=\"e-con-inner\">\n\t\t\t\t<div class=\"elementor-element elementor-element-ea7055b elementor-widget elementor-widget-menu-anchor\" data-id=\"ea7055b\" data-element_type=\"widget\" data-widget_type=\"menu-anchor.default\">\n\t\t\t\t<div class=\"elementor-widget-container\">\n\t\t\t\t\t\t\t<div class=\"elementor-menu-anchor\" id=\"PostID\"><\/div>\n\t\t\t\t\t\t<\/div>\n\t\t\t\t<\/div>\n\t\t\t\t<div class=\"elementor-element elementor-element-51f8506 elementor-widget__width-initial elementor-widget elementor-widget-text-editor\" data-id=\"51f8506\" data-element_type=\"widget\" data-widget_type=\"text-editor.default\">\n\t\t\t\t<div class=\"elementor-widget-container\">\n\t\t\t\t\t\t\t\t\t<p>You are looking for a role that allows you to deploy your sense of initiative and leadership? To have the ability and responsibility to influence the future course of the financial health of Quebec's enterprising families? To be able to offer an exceptional, tailor-made experience to clients? To experience a great team synergy and participate in the evolution of a growing company?<\/p>\t\t\t\t\t\t\t\t<\/div>\n\t\t\t\t<\/div>\n\t\t\t\t<div class=\"elementor-element elementor-element-788612d elementor-align-center elementor-widget elementor-widget-button\" data-id=\"788612d\" data-element_type=\"widget\" data-widget_type=\"button.default\">\n\t\t\t\t<div class=\"elementor-widget-container\">\n\t\t\t\t\t\t\t\t\t<div class=\"elementor-button-wrapper\">\n\t\t\t\t\t<a class=\"elementor-button elementor-button-link elementor-size-sm\" href=\"#\">\n\t\t\t\t\t\t<span class=\"elementor-button-content-wrapper\">\n\t\t\t\t\t\t<span class=\"elementor-button-icon\">\n\t\t\t\t<svg xmlns=\"http:\/\/www.w3.org\/2000\/svg\" xmlns:xlink=\"http:\/\/www.w3.org\/1999\/xlink\" width=\"18px\" height=\"10px\" viewbox=\"0 0 18 10\"><title>Path<\/title><g id=\"MAQUETTE_WEB\" stroke=\"none\" stroke-width=\"1\" fill=\"none\" fill-rule=\"evenodd\"><g id=\"planisource_maquetteweb_ACCUEIL_2023.03.15_V3\" transform=\"translate(-441.000000, -776.000000)\" fill=\"#FFFFFF\" fill-rule=\"nonzero\"><path d=\"M449.706835,772.293165 L444.999835,777.000165 C444.747249,777.252751 444.648602,777.620905 444.741055,777.965945 C444.833509,778.310985 445.103015,778.580491 445.448055,778.672945 C445.793095,778.765398 446.161249,778.666751 446.413835,778.414165 L448.706835,776.121165 L448.706835,788.707165 C448.706835,789.259449 449.154551,789.707165 449.706835,789.707165 C450.25912,789.707165 450.706835,789.259449 450.706835,788.707165 L450.706835,776.121165 L452.999835,778.414165 C453.18697,778.602374 453.441426,778.7082 453.706835,778.7082 C453.972245,778.7082 454.2267,778.602374 454.413835,778.414165 C454.601552,778.226767 454.707036,777.97241 454.707036,777.707165 C454.707036,777.441919 454.601552,777.187562 454.413835,777.000165 L449.706835,772.293165 Z\" id=\"Path\" transform=\"translate(449.707000, 781.000165) rotate(-270.000000) translate(-449.707000, -781.000165) \"><\/path><\/g><\/g><\/svg>\t\t\t<\/span>\n\t\t\t\t\t\t\t\t\t<span class=\"elementor-button-text\">Spontaneous application<\/span>\n\t\t\t\t\t<\/span>\n\t\t\t\t\t<\/a>\n\t\t\t\t<\/div>\n\t\t\t\t\t\t\t\t<\/div>\n\t\t\t\t<\/div>\n\t\t\t\t\t<\/div>\n\t\t\t\t<\/div>\n\t\t<div class=\"elementor-element elementor-element-4bcfd94 e-flex e-con-boxed e-con e-parent\" data-id=\"4bcfd94\" data-element_type=\"container\">\n\t\t\t\t\t<div class=\"e-con-inner\">\n\t\t\t\t<div class=\"elementor-element elementor-element-28229c4 elementor-widget elementor-widget-heading\" data-id=\"28229c4\" data-element_type=\"widget\" data-widget_type=\"heading.default\">\n\t\t\t\t<div class=\"elementor-widget-container\">\n\t\t\t\t\t<h2 class=\"elementor-heading-title elementor-size-default\">Available Positions<\/h2>\t\t\t\t<\/div>\n\t\t\t\t<\/div>\n\t\t<div class=\"elementor-element elementor-element-067b3de e-con-full e-flex e-con e-child\" data-id=\"067b3de\" data-element_type=\"container\">\n\t\t\t\t<div class=\"elementor-element elementor-element-e97a170 elementor-align-center elementor-hidden-desktop elementor-hidden-laptop elementor-hidden-tablet elementor-hidden-mobile elementor-widget elementor-widget-button\" data-id=\"e97a170\" data-element_type=\"widget\" data-widget_type=\"button.default\">\n\t\t\t\t<div class=\"elementor-widget-container\">\n\t\t\t\t\t\t\t\t\t<div class=\"elementor-button-wrapper\">\n\t\t\t\t\t<a class=\"elementor-button elementor-button-link elementor-size-sm\" href=\"#\">\n\t\t\t\t\t\t<span class=\"elementor-button-content-wrapper\">\n\t\t\t\t\t\t<span class=\"elementor-button-icon\">\n\t\t\t\t<svg xmlns=\"http:\/\/www.w3.org\/2000\/svg\" xmlns:xlink=\"http:\/\/www.w3.org\/1999\/xlink\" width=\"18px\" height=\"10px\" viewbox=\"0 0 18 10\"><title>Path<\/title><g id=\"MAQUETTE_WEB\" stroke=\"none\" stroke-width=\"1\" fill=\"none\" fill-rule=\"evenodd\"><g id=\"planisource_maquetteweb_ACCUEIL_2023.03.15_V3\" transform=\"translate(-441.000000, -776.000000)\" fill=\"#FFFFFF\" fill-rule=\"nonzero\"><path d=\"M449.706835,772.293165 L444.999835,777.000165 C444.747249,777.252751 444.648602,777.620905 444.741055,777.965945 C444.833509,778.310985 445.103015,778.580491 445.448055,778.672945 C445.793095,778.765398 446.161249,778.666751 446.413835,778.414165 L448.706835,776.121165 L448.706835,788.707165 C448.706835,789.259449 449.154551,789.707165 449.706835,789.707165 C450.25912,789.707165 450.706835,789.259449 450.706835,788.707165 L450.706835,776.121165 L452.999835,778.414165 C453.18697,778.602374 453.441426,778.7082 453.706835,778.7082 C453.972245,778.7082 454.2267,778.602374 454.413835,778.414165 C454.601552,778.226767 454.707036,777.97241 454.707036,777.707165 C454.707036,777.441919 454.601552,777.187562 454.413835,777.000165 L449.706835,772.293165 Z\" id=\"Path\" transform=\"translate(449.707000, 781.000165) rotate(-270.000000) translate(-449.707000, -781.000165) \"><\/path><\/g><\/g><\/svg>\t\t\t<\/span>\n\t\t\t\t\t\t\t\t\t<span class=\"elementor-button-text\">Available positions<\/span>\n\t\t\t\t\t<\/span>\n\t\t\t\t\t<\/a>\n\t\t\t\t<\/div>\n\t\t\t\t\t\t\t\t<\/div>\n\t\t\t\t<\/div>\n\t\t\t\t<\/div>\n\t\t\t\t\t<\/div>\n\t\t\t\t<\/div>\n\t\t\t\t<\/div>","protected":false},"excerpt":{"rendered":"<p>Carri\u00e8res Notre entreprise Cela fait maintenant plus de 12 ans que nous apportons des solutions int\u00e9gr\u00e9es et durables \u00e0 nos clients pour les accompagner dans chaque phase de leur cheminement. Notre secret derri\u00e8re tous ces succ\u00e8s provient de la qualit\u00e9 de notre personnel que nous traitons avec soin. Nous accordons une grande importance au d\u00e9veloppement [&hellip;]<\/p>","protected":false},"author":1,"featured_media":0,"parent":0,"menu_order":0,"comment_status":"closed","ping_status":"closed","template":"elementor_header_footer","meta":{"inline_featured_image":false,"footnotes":""},"class_list":["post-29","page","type-page","status-publish","hentry"],"acf":[],"_links":{"self":[{"href":"https:\/\/planisource.com\/en\/wp-json\/wp\/v2\/pages\/29","targetHints":{"allow":["GET"]}}],"collection":[{"href":"https:\/\/planisource.com\/en\/wp-json\/wp\/v2\/pages"}],"about":[{"href":"https:\/\/planisource.com\/en\/wp-json\/wp\/v2\/types\/page"}],"author":[{"embeddable":true,"href":"https:\/\/planisource.com\/en\/wp-json\/wp\/v2\/users\/1"}],"replies":[{"embeddable":true,"href":"https:\/\/planisource.com\/en\/wp-json\/wp\/v2\/comments?post=29"}],"version-history":[{"count":5,"href":"https:\/\/planisource.com\/en\/wp-json\/wp\/v2\/pages\/29\/revisions"}],"predecessor-version":[{"id":6440,"href":"https:\/\/planisource.com\/en\/wp-json\/wp\/v2\/pages\/29\/revisions\/6440"}],"wp:attachment":[{"href":"https:\/\/planisource.com\/en\/wp-json\/wp\/v2\/media?parent=29"}],"curies":[{"name":"wp","href":"https:\/\/api.w.org\/{rel}","templated":true}]}}