{"id":61,"date":"2023-10-19T11:43:30","date_gmt":"2023-10-19T11:43:30","guid":{"rendered":"https:\/\/planisource.com\/?page_id=61"},"modified":"2023-11-29T16:28:04","modified_gmt":"2023-11-29T16:28:04","slug":"nos-reflexions","status":"publish","type":"page","link":"https:\/\/planisource.com\/en\/our-thoughts\/","title":{"rendered":"Our Thoughts"},"content":{"rendered":"<div data-elementor-type=\"wp-page\" data-elementor-id=\"61\" class=\"elementor elementor-61\">\n\t\t\t\t<div class=\"elementor-element elementor-element-071759b e-flex e-con-boxed e-con e-parent\" data-id=\"071759b\" data-element_type=\"container\" data-settings=\"{&quot;background_background&quot;:&quot;classic&quot;}\">\n\t\t\t\t\t<div class=\"e-con-inner\">\n\t\t\t\t<div class=\"elementor-element elementor-element-2ca118a elementor-widget elementor-widget-heading\" data-id=\"2ca118a\" data-element_type=\"widget\" data-widget_type=\"heading.default\">\n\t\t\t\t<div class=\"elementor-widget-container\">\n\t\t\t\t\t<h1 class=\"elementor-heading-title elementor-size-default\">Our Thoughts<\/h1>\t\t\t\t<\/div>\n\t\t\t\t<\/div>\n\t\t\t\t\t<\/div>\n\t\t\t\t<\/div>\n\t\t<div class=\"elementor-element elementor-element-9a71ff5 e-flex e-con-boxed e-con e-parent\" data-id=\"9a71ff5\" data-element_type=\"container\">\n\t\t\t\t\t<div class=\"e-con-inner\">\n\t\t\t\t<div class=\"elementor-element elementor-element-393aceb elementor-widget elementor-widget-text-editor\" data-id=\"393aceb\" data-element_type=\"widget\" data-widget_type=\"text-editor.default\">\n\t\t\t\t<div class=\"elementor-widget-container\">\n\t\t\t\t\t\t\t\t\t<p>Based on our expertise, conducting research and analyzing trends and success stories of entrepreneurial families, we formulate reflections to guide the sustainability of your family wealth.<\/p>\t\t\t\t\t\t\t\t<\/div>\n\t\t\t\t<\/div>\n\t\t\t\t\t<\/div>\n\t\t\t\t<\/div>\n\t\t<div class=\"elementor-element elementor-element-30cc4f3 e-flex e-con-boxed e-con e-parent\" data-id=\"30cc4f3\" data-element_type=\"container\">\n\t\t\t\t\t<div class=\"e-con-inner\">\n\t\t<div class=\"elementor-element elementor-element-ce66385 e-flex e-con-boxed e-con e-child\" data-id=\"ce66385\" data-element_type=\"container\">\n\t\t\t\t\t<div class=\"e-con-inner\">\n\t\t\t\t<div class=\"elementor-element elementor-element-962b229 elementor-widget elementor-widget-shortcode\" data-id=\"962b229\" data-element_type=\"widget\" data-widget_type=\"shortcode.default\">\n\t\t\t\t<div class=\"elementor-widget-container\">\n\t\t\t\t\t\t\t<div class=\"elementor-shortcode\">\n\t<article>\n\t\t<div class=\"blogPostArchiveContainer\">\n\t\t\t\n\t\t\t\t\t\t\n\t\t\t<div class=\"blogItem\">\n\t\t\t\t\n\t\t\t\t\t\t\t\t  \t\t\t\t\t\t\t\n\t\t\t\t<div class=\"blogImg\" style=\"background: url('https:\/\/planisource.com\/wp-content\/uploads\/2023\/11\/regime-retraite.webp');background-position: center;background-size: cover;background-repeat: no-repeat;position:relative;\"><a href=\"https:\/\/planisource.com\/en\/is-the-individual-pension-plan-for-you\/\" style=\"position:absolute;top:0;left:0;bottom:0;right:0;\"><\/a><\/div>\n\t\t\t\t\n\t\t\t\t\t\t\t\t<div class=\"textContainer\">\n\t\t\t\t\t<div class=\"textContainerCol\">\n\t\t\t\t\t\t\n\t\t\t\t\t<p class=\"blogTag\">Blog \t\t\t\t\t\t<\/p>\n\t\t\t\t\t<a href=\"https:\/\/planisource.com\/en\/is-the-individual-pension-plan-for-you\/\"><h3>Is the Individual Pension Plan for you?<\/h3><\/a>\n\t\t\t\t\t<p class=\"links\"><a href=\"https:\/\/planisource.com\/en\/is-the-individual-pension-plan-for-you\/\">Read the article&nbsp;&nbsp;<i class=\"fa-solid fa-arrow-right-long\"><\/i><\/a><\/p>\n\n\t\t\t\t\t<\/div>\n\t\t\t\t<\/div>\n\t\t\t\t\n\t\t\t<\/div>\n\n\t\t\t\t\t\t\n\t\t\t<div class=\"blogItem\">\n\t\t\t\t\n\t\t\t\t\t\t\t\t  \t\t\t\t\t\t\t\n\t\t\t\t<div class=\"blogImg\" style=\"background: url('https:\/\/planisource.com\/wp-content\/uploads\/2023\/11\/at-the-office-2022-03-30-20-23-32-utc-scaled.jpg');background-position: center;background-size: cover;background-repeat: no-repeat;position:relative;\"><a href=\"https:\/\/planisource.com\/en\/transferring-a-family-business\/\" style=\"position:absolute;top:0;left:0;bottom:0;right:0;\"><\/a><\/div>\n\t\t\t\t\n\t\t\t\t\t\t\t\t<div class=\"textContainer\">\n\t\t\t\t\t<div class=\"textContainerCol\">\n\t\t\t\t\t\t\n\t\t\t\t\t<p class=\"blogTag\">Blog \t\t\t\t\t\t<\/p>\n\t\t\t\t\t<a href=\"https:\/\/planisource.com\/en\/transferring-a-family-business\/\"><h3>Transferring a Family Business<\/h3><\/a>\n\t\t\t\t\t<p class=\"links\"><a href=\"https:\/\/planisource.com\/en\/transferring-a-family-business\/\">Read the article&nbsp;&nbsp;<i class=\"fa-solid fa-arrow-right-long\"><\/i><\/a><\/p>\n\n\t\t\t\t\t<\/div>\n\t\t\t\t<\/div>\n\t\t\t\t\n\t\t\t<\/div>\n\n\t\t\t\t\t\t\n\t\t\t<div class=\"blogItem\">\n\t\t\t\t\n\t\t\t\t\t\t\t\t  \t\t\t\t\t\t\t\n\t\t\t\t<div class=\"blogImg\" style=\"background: url('https:\/\/planisource.com\/wp-content\/uploads\/2023\/11\/transfert-entreprise-oct-2018.webp');background-position: center;background-size: cover;background-repeat: no-repeat;position:relative;\"><a href=\"https:\/\/planisource.com\/en\/how-to-ensure-the-sustainable-transfer-of-a-family-business\/\" style=\"position:absolute;top:0;left:0;bottom:0;right:0;\"><\/a><\/div>\n\t\t\t\t\n\t\t\t\t\t\t\t\t<div class=\"textContainer\">\n\t\t\t\t\t<div class=\"textContainerCol\">\n\t\t\t\t\t\t\n\t\t\t\t\t<p class=\"blogTag\">Blog \t\t\t\t\t\t<\/p>\n\t\t\t\t\t<a href=\"https:\/\/planisource.com\/en\/how-to-ensure-the-sustainable-transfer-of-a-family-business\/\"><h3>How to ensure the sustainable transfer of a family business<\/h3><\/a>\n\t\t\t\t\t<p class=\"links\"><a href=\"https:\/\/planisource.com\/en\/how-to-ensure-the-sustainable-transfer-of-a-family-business\/\">Read the article&nbsp;&nbsp;<i class=\"fa-solid fa-arrow-right-long\"><\/i><\/a><\/p>\n\n\t\t\t\t\t<\/div>\n\t\t\t\t<\/div>\n\t\t\t\t\n\t\t\t<\/div>\n\n\t\t\t\t\t\t\n\t\t\t<div class=\"blogItem\">\n\t\t\t\t\n\t\t\t\t\t\t\t\t  \t\t\t\t\t\t\t\n\t\t\t\t<div class=\"blogImg\" style=\"background: url('https:\/\/planisource.com\/wp-content\/uploads\/2023\/11\/entreprise-succes.webp');background-position: center;background-size: cover;background-repeat: no-repeat;position:relative;\"><a href=\"https:\/\/planisource.com\/en\/selling-your-successful-business\/\" style=\"position:absolute;top:0;left:0;bottom:0;right:0;\"><\/a><\/div>\n\t\t\t\t\n\t\t\t\t\t\t\t\t<div class=\"textContainer\">\n\t\t\t\t\t<div class=\"textContainerCol\">\n\t\t\t\t\t\t\n\t\t\t\t\t<p class=\"blogTag\">Blog \t\t\t\t\t\t<\/p>\n\t\t\t\t\t<a href=\"https:\/\/planisource.com\/en\/selling-your-successful-business\/\"><h3>Selling your successful business has contributed to...<\/h3><\/a>\n\t\t\t\t\t<p class=\"links\"><a href=\"https:\/\/planisource.com\/en\/selling-your-successful-business\/\">Read the article&nbsp;&nbsp;<i class=\"fa-solid fa-arrow-right-long\"><\/i><\/a><\/p>\n\n\t\t\t\t\t<\/div>\n\t\t\t\t<\/div>\n\t\t\t\t\n\t\t\t<\/div>\n\n\t\t\t\t\t\t\n\t\t<\/div>\n\t<\/article>\n\t\n<\/div>\n\t\t\t\t\t\t<\/div>\n\t\t\t\t<\/div>\n\t\t\t\t\t<\/div>\n\t\t\t\t<\/div>\n\t\t<div class=\"elementor-element elementor-element-d5b66f9 e-flex e-con-boxed e-con e-child\" data-id=\"d5b66f9\" data-element_type=\"container\">\n\t\t\t\t\t<div class=\"e-con-inner\">\n\t\t\t\t<div class=\"elementor-element elementor-element-78d7903 titre_bleu_mob elementor-widget elementor-widget-heading\" data-id=\"78d7903\" data-element_type=\"widget\" data-widget_type=\"heading.default\">\n\t\t\t\t<div class=\"elementor-widget-container\">\n\t\t\t\t\t<h2 class=\"elementor-heading-title elementor-size-default\">Our most recent articles<\/h2>\t\t\t\t<\/div>\n\t\t\t\t<\/div>\n\t\t<div class=\"elementor-element elementor-element-b1a2499 e-flex e-con-boxed e-con e-child\" data-id=\"b1a2499\" data-element_type=\"container\">\n\t\t\t\t\t<div class=\"e-con-inner\">\n\t\t\t\t<div class=\"elementor-element elementor-element-f7dd327 elementor-widget elementor-widget-shortcode\" data-id=\"f7dd327\" data-element_type=\"widget\" data-widget_type=\"shortcode.default\">\n\t\t\t\t<div class=\"elementor-widget-container\">\n\t\t\t\t\t\t\t<div class=\"elementor-shortcode\">\n\t<div class=\"recentBlogContainer\">\n\t\t\n\t\t\t\t\t\t\n\t\t\t<a href=\"https:\/\/planisource.com\/en\/is-the-individual-pension-plan-for-you\/\">\n\t\t\t\t<div class=\"recentbloITem\" style=\"background: url('https:\/\/planisource.com\/wp-content\/uploads\/2023\/11\/regime-retraite.webp');background-position: center;background-size: cover;background-repeat: no-repeat;position:\">\n\t\t\t\t\t<h3>Is the Individual Pension Plan for you?<\/h3>\n\t\t\t\t<\/div>\n\n\t\t\t<\/a>\n\t\t\t\t\t\n\t\t\t<a href=\"https:\/\/planisource.com\/en\/transferring-a-family-business\/\">\n\t\t\t\t<div class=\"recentbloITem\" style=\"background: url('https:\/\/planisource.com\/wp-content\/uploads\/2023\/11\/at-the-office-2022-03-30-20-23-32-utc-scaled.jpg');background-position: center;background-size: cover;background-repeat: no-repeat;position:\">\n\t\t\t\t\t<h3>Transferring a Family Business<\/h3>\n\t\t\t\t<\/div>\n\n\t\t\t<\/a>\n\t\t\t\t\t\n\t\t\t<a href=\"https:\/\/planisource.com\/en\/how-to-ensure-the-sustainable-transfer-of-a-family-business\/\">\n\t\t\t\t<div class=\"recentbloITem\" style=\"background: url('https:\/\/planisource.com\/wp-content\/uploads\/2023\/11\/transfert-entreprise-oct-2018.webp');background-position: center;background-size: cover;background-repeat: no-repeat;position:\">\n\t\t\t\t\t<h3>How to ensure the sustainable transfer of a family business<\/h3>\n\t\t\t\t<\/div>\n\n\t\t\t<\/a>\n\t\n\t<\/div>\n\n<\/div>\n\t\t\t\t\t\t<\/div>\n\t\t\t\t<\/div>\n\t\t\t\t\t<\/div>\n\t\t\t\t<\/div>\n\t\t\t\t<div class=\"elementor-element elementor-element-915bf65 elementor-hidden-desktop elementor-hidden-laptop elementor-hidden-tablet elementor-hidden-mobile elementor-widget elementor-widget-heading\" data-id=\"915bf65\" data-element_type=\"widget\" data-widget_type=\"heading.default\">\n\t\t\t\t<div class=\"elementor-widget-container\">\n\t\t\t\t\t<h2 class=\"elementor-heading-title elementor-size-default\">Filters<\/h2>\t\t\t\t<\/div>\n\t\t\t\t<\/div>\n\t\t\t\t<div class=\"elementor-element elementor-element-13c61d7 elementor-mobile-align-center elementor-hidden-desktop elementor-hidden-laptop elementor-hidden-tablet elementor-hidden-mobile elementor-icon-list--layout-traditional elementor-list-item-link-full_width elementor-widget elementor-widget-icon-list\" data-id=\"13c61d7\" data-element_type=\"widget\" data-widget_type=\"icon-list.default\">\n\t\t\t\t<div class=\"elementor-widget-container\">\n\t\t\t\t\t\t\t<ul class=\"elementor-icon-list-items\">\n\t\t\t\t\t\t\t<li class=\"elementor-icon-list-item\">\n\t\t\t\t\t\t\t\t\t\t\t<span class=\"elementor-icon-list-icon\">\n\t\t\t\t\t\t\t<i aria-hidden=\"true\" class=\"auxicon2 auxicon2-arrow-chevron-med-right\"><\/i>\t\t\t\t\t\t<\/span>\n\t\t\t\t\t\t\t\t\t\t<span class=\"elementor-icon-list-text\">Lorem ipsum<\/span>\n\t\t\t\t\t\t\t\t\t<\/li>\n\t\t\t\t\t\t\t\t<li class=\"elementor-icon-list-item\">\n\t\t\t\t\t\t\t\t\t\t\t<span class=\"elementor-icon-list-icon\">\n\t\t\t\t\t\t\t<i aria-hidden=\"true\" class=\"auxicon2 auxicon2-arrow-chevron-med-right\"><\/i>\t\t\t\t\t\t<\/span>\n\t\t\t\t\t\t\t\t\t\t<span class=\"elementor-icon-list-text\">Lorem ipsum<\/span>\n\t\t\t\t\t\t\t\t\t<\/li>\n\t\t\t\t\t\t\t\t<li class=\"elementor-icon-list-item\">\n\t\t\t\t\t\t\t\t\t\t\t<span class=\"elementor-icon-list-icon\">\n\t\t\t\t\t\t\t<i aria-hidden=\"true\" class=\"auxicon2 auxicon2-arrow-chevron-med-right\"><\/i>\t\t\t\t\t\t<\/span>\n\t\t\t\t\t\t\t\t\t\t<span class=\"elementor-icon-list-text\">Lorem ipsum<\/span>\n\t\t\t\t\t\t\t\t\t<\/li>\n\t\t\t\t\t\t\t\t<li class=\"elementor-icon-list-item\">\n\t\t\t\t\t\t\t\t\t\t\t<span class=\"elementor-icon-list-icon\">\n\t\t\t\t\t\t\t<i aria-hidden=\"true\" class=\"auxicon2 auxicon2-arrow-chevron-med-right\"><\/i>\t\t\t\t\t\t<\/span>\n\t\t\t\t\t\t\t\t\t\t<span class=\"elementor-icon-list-text\">Lorem ipsum<\/span>\n\t\t\t\t\t\t\t\t\t<\/li>\n\t\t\t\t\t\t\t\t<li class=\"elementor-icon-list-item\">\n\t\t\t\t\t\t\t\t\t\t\t<span class=\"elementor-icon-list-icon\">\n\t\t\t\t\t\t\t<i aria-hidden=\"true\" class=\"auxicon2 auxicon2-arrow-chevron-med-right\"><\/i>\t\t\t\t\t\t<\/span>\n\t\t\t\t\t\t\t\t\t\t<span class=\"elementor-icon-list-text\">Lorem ipsum<\/span>\n\t\t\t\t\t\t\t\t\t<\/li>\n\t\t\t\t\t\t<\/ul>\n\t\t\t\t\t\t<\/div>\n\t\t\t\t<\/div>\n\t\t\t\t<div class=\"elementor-element elementor-element-6d589d0 elementor-widget__width-initial elementor-widget elementor-widget-heading\" data-id=\"6d589d0\" data-element_type=\"widget\" data-widget_type=\"heading.default\">\n\t\t\t\t<div class=\"elementor-widget-container\">\n\t\t\t\t\t<h2 class=\"elementor-heading-title elementor-size-default\">Receive our valuable advice<\/h2>\t\t\t\t<\/div>\n\t\t\t\t<\/div>\n\t\t<div class=\"elementor-element elementor-element-036ac46 elementor-hidden-desktop elementor-hidden-laptop elementor-hidden-tablet elementor-hidden-mobile e-flex e-con-boxed e-con e-child\" data-id=\"036ac46\" data-element_type=\"container\" id=\"showthanks\" data-settings=\"{&quot;background_background&quot;:&quot;classic&quot;}\">\n\t\t\t\t\t<div class=\"e-con-inner\">\n\t\t\t\t<div class=\"elementor-element elementor-element-e2a0271 elementor-widget elementor-widget-heading\" data-id=\"e2a0271\" data-element_type=\"widget\" data-widget_type=\"heading.default\">\n\t\t\t\t<div class=\"elementor-widget-container\">\n\t\t\t\t\t<h2 class=\"elementor-heading-title elementor-size-default\">Thank you<\/h2>\t\t\t\t<\/div>\n\t\t\t\t<\/div>\n\t\t\t\t<div class=\"elementor-element elementor-element-166bf9e elementor-widget elementor-widget-text-editor\" data-id=\"166bf9e\" data-element_type=\"widget\" data-widget_type=\"text-editor.default\">\n\t\t\t\t<div class=\"elementor-widget-container\">\n\t\t\t\t\t\t\t\t\t<p>pour votre inscription!<\/p>\t\t\t\t\t\t\t\t<\/div>\n\t\t\t\t<\/div>\n\t\t\t\t<div class=\"elementor-element elementor-element-e0c3ec2 elementor-align-center elementor-icon-list--layout-traditional elementor-list-item-link-full_width elementor-widget elementor-widget-icon-list\" data-id=\"e0c3ec2\" data-element_type=\"widget\" data-widget_type=\"icon-list.default\">\n\t\t\t\t<div class=\"elementor-widget-container\">\n\t\t\t\t\t\t\t<ul class=\"elementor-icon-list-items\">\n\t\t\t\t\t\t\t<li class=\"elementor-icon-list-item\">\n\t\t\t\t\t\t\t\t\t\t\t<a href=\"https:\/\/www.linkedin.com\/company\/planisource\/\" target=\"_blank\">\n\n\t\t\t\t\t\t\t\t\t\t\t\t<span class=\"elementor-icon-list-icon\">\n\t\t\t\t\t\t\t<i aria-hidden=\"true\" class=\"fab fa-linkedin\"><\/i>\t\t\t\t\t\t<\/span>\n\t\t\t\t\t\t\t\t\t\t<span class=\"elementor-icon-list-text\"><\/span>\n\t\t\t\t\t\t\t\t\t\t\t<\/a>\n\t\t\t\t\t\t\t\t\t<\/li>\n\t\t\t\t\t\t<\/ul>\n\t\t\t\t\t\t<\/div>\n\t\t\t\t<\/div>\n\t\t\t\t\t<\/div>\n\t\t\t\t<\/div>\n\t\t\t\t\t<\/div>\n\t\t\t\t<\/div>\n\t\t\t\t\t<\/div>\n\t\t\t\t<\/div>\n\t\t\t\t<\/div>","protected":false},"excerpt":{"rendered":"<p>Nos r\u00e9flexions Nos derni\u00e8res r\u00e9flexions R\u00e9fl\u00e9chir sur notre milieu En se basant sur notre expertise, en effectuant des recherches et en analysant les tendances et histoires \u00e0 succ\u00e8s de familles entrepreneuriales, nous formulons des r\u00e9flexions afin de vous guider pour assurer la p\u00e9rennit\u00e9 de votre patrimoine familial. Nos plus r\u00e9cents articles Filtres Lorem ipsum Lorem [&hellip;]<\/p>","protected":false},"author":1,"featured_media":0,"parent":0,"menu_order":0,"comment_status":"closed","ping_status":"closed","template":"elementor_header_footer","meta":{"inline_featured_image":false,"footnotes":""},"class_list":["post-61","page","type-page","status-publish","hentry"],"acf":[],"_links":{"self":[{"href":"https:\/\/planisource.com\/en\/wp-json\/wp\/v2\/pages\/61","targetHints":{"allow":["GET"]}}],"collection":[{"href":"https:\/\/planisource.com\/en\/wp-json\/wp\/v2\/pages"}],"about":[{"href":"https:\/\/planisource.com\/en\/wp-json\/wp\/v2\/types\/page"}],"author":[{"embeddable":true,"href":"https:\/\/planisource.com\/en\/wp-json\/wp\/v2\/users\/1"}],"replies":[{"embeddable":true,"href":"https:\/\/planisource.com\/en\/wp-json\/wp\/v2\/comments?post=61"}],"version-history":[{"count":286,"href":"https:\/\/planisource.com\/en\/wp-json\/wp\/v2\/pages\/61\/revisions"}],"predecessor-version":[{"id":5985,"href":"https:\/\/planisource.com\/en\/wp-json\/wp\/v2\/pages\/61\/revisions\/5985"}],"wp:attachment":[{"href":"https:\/\/planisource.com\/en\/wp-json\/wp\/v2\/media?parent=61"}],"curies":[{"name":"wp","href":"https:\/\/api.w.org\/{rel}","templated":true}]}}