{"id":670,"date":"2023-10-23T14:29:09","date_gmt":"2023-10-23T14:29:09","guid":{"rendered":"https:\/\/planisource.com\/?page_id=670"},"modified":"2023-11-29T19:14:07","modified_gmt":"2023-11-29T19:14:07","slug":"que-faisons-nous","status":"publish","type":"page","link":"https:\/\/planisource.com\/en\/what-we-do\/","title":{"rendered":"Que faisons-nous ?"},"content":{"rendered":"<div data-elementor-type=\"wp-page\" data-elementor-id=\"670\" class=\"elementor elementor-670\">\n\t\t\t\t<div class=\"elementor-element elementor-element-3ecf9b1 e-flex e-con-boxed e-con e-parent\" data-id=\"3ecf9b1\" data-element_type=\"container\" data-settings=\"{&quot;background_background&quot;:&quot;classic&quot;}\">\n\t\t\t\t\t<div class=\"e-con-inner\">\n\t\t\t\t<div class=\"elementor-element elementor-element-af4cf59 elementor-widget elementor-widget-heading\" data-id=\"af4cf59\" data-element_type=\"widget\" data-widget_type=\"heading.default\">\n\t\t\t\t<div class=\"elementor-widget-container\">\n\t\t\t\t\t<h1 class=\"elementor-heading-title elementor-size-default\">What We Do<\/h1>\t\t\t\t<\/div>\n\t\t\t\t<\/div>\n\t\t\t\t\t<\/div>\n\t\t\t\t<\/div>\n\t\t<div class=\"elementor-element elementor-element-ffedff7 e-flex e-con-boxed e-con e-parent\" data-id=\"ffedff7\" data-element_type=\"container\">\n\t\t\t\t\t<div class=\"e-con-inner\">\n\t\t<div class=\"elementor-element elementor-element-210ed6a e-con-full e-flex e-con e-child\" data-id=\"210ed6a\" data-element_type=\"container\" data-settings=\"{&quot;background_background&quot;:&quot;classic&quot;}\">\n\t\t\t\t<\/div>\n\t\t<div class=\"elementor-element elementor-element-6524b03 e-con-full e-flex e-con e-child\" data-id=\"6524b03\" data-element_type=\"container\" data-settings=\"{&quot;background_background&quot;:&quot;classic&quot;}\">\n\t\t\t\t<div class=\"elementor-element elementor-element-4dbe9ff elementor-widget elementor-widget-menu-anchor\" data-id=\"4dbe9ff\" data-element_type=\"widget\" data-widget_type=\"menu-anchor.default\">\n\t\t\t\t<div class=\"elementor-widget-container\">\n\t\t\t\t\t\t\t<div class=\"elementor-menu-anchor\" id=\"servucesID\"><\/div>\n\t\t\t\t\t\t<\/div>\n\t\t\t\t<\/div>\n\t\t\t\t<div class=\"elementor-element elementor-element-3c8e8d9 elementor-widget__width-initial elementor-widget elementor-widget-text-editor\" data-id=\"3c8e8d9\" data-element_type=\"widget\" data-widget_type=\"text-editor.default\">\n\t\t\t\t<div class=\"elementor-widget-container\">\n\t\t\t\t\t\t\t\t\t<p>Our experts support families who want their family values and their wealth to make an impact for more than two generations.<br \/><br \/>In addition, our team helps enterprising families wishing to sustain their wealth and assists entrepreneurs who want to have a wide range of services encompassing planning, insurance and investments. Our approach is divided into 2 Phases: the Initial Analysis Mandate and the Intergenerational Strategic Planning Mandate.<\/p>\t\t\t\t\t\t\t\t<\/div>\n\t\t\t\t<\/div>\n\t\t\t\t<\/div>\n\t\t\t\t\t<\/div>\n\t\t\t\t<\/div>\n\t\t<div class=\"elementor-element elementor-element-73d48e9 e-flex e-con-boxed e-con e-parent\" data-id=\"73d48e9\" data-element_type=\"container\">\n\t\t\t\t\t<div class=\"e-con-inner\">\n\t\t<div class=\"elementor-element elementor-element-f85ff01 e-con-full e-flex e-con e-child\" data-id=\"f85ff01\" data-element_type=\"container\">\n\t\t\t\t<\/div>\n\t\t<div class=\"elementor-element elementor-element-c1196f5 e-flex e-con-boxed e-con e-child\" data-id=\"c1196f5\" data-element_type=\"container\">\n\t\t\t\t\t<div class=\"e-con-inner\">\n\t\t<div class=\"elementor-element elementor-element-1bd2941 e-con-full e-flex e-con e-child\" data-id=\"1bd2941\" data-element_type=\"container\">\n\t\t\t\t<div class=\"elementor-element elementor-element-1d68032 elementor-widget__width-initial elementor-widget elementor-widget-heading\" data-id=\"1d68032\" data-element_type=\"widget\" data-widget_type=\"heading.default\">\n\t\t\t\t<div class=\"elementor-widget-container\">\n\t\t\t\t\t<h2 class=\"elementor-heading-title elementor-size-default\">1. Initial Analysis Mandate<\/h2>\t\t\t\t<\/div>\n\t\t\t\t<\/div>\n\t\t\t\t<div class=\"elementor-element elementor-element-2fe3b1c elementor-widget__width-initial elementor-widget elementor-widget-text-editor\" data-id=\"2fe3b1c\" data-element_type=\"widget\" data-widget_type=\"text-editor.default\">\n\t\t\t\t<div class=\"elementor-widget-container\">\n\t\t\t\t\t\t\t\t\t<p>Like a complete health check-up by a health professional, our team deploys the efforts essential to building a picture of your family's health. They analyze all the information relating to your financial, legal and tax situation by providing a dimension of strategic reflection on your family\u2019s aspirations and priorities.<\/p><p>Following our discussions, we can clarify the current situation, establish your strategic plan and lay the foundations for reflection in order to make the right recommendations by prioritising the actions to be coordinated.<\/p>\t\t\t\t\t\t\t\t<\/div>\n\t\t\t\t<\/div>\n\t\t\t\t<div class=\"elementor-element elementor-element-d36b01e elementor-align-center elementor-widget elementor-widget-button\" data-id=\"d36b01e\" data-element_type=\"widget\" data-widget_type=\"button.default\">\n\t\t\t\t<div class=\"elementor-widget-container\">\n\t\t\t\t\t\t\t\t\t<div class=\"elementor-button-wrapper\">\n\t\t\t\t\t<a class=\"elementor-button elementor-button-link elementor-size-sm\" href=\"#\">\n\t\t\t\t\t\t<span class=\"elementor-button-content-wrapper\">\n\t\t\t\t\t\t<span class=\"elementor-button-icon\">\n\t\t\t\t<svg xmlns=\"http:\/\/www.w3.org\/2000\/svg\" xmlns:xlink=\"http:\/\/www.w3.org\/1999\/xlink\" width=\"18px\" height=\"10px\" viewbox=\"0 0 18 10\"><title>Path<\/title><g id=\"MAQUETTE_WEB\" stroke=\"none\" stroke-width=\"1\" fill=\"none\" fill-rule=\"evenodd\"><g id=\"planisource_maquetteweb_ACCUEIL_2023.03.15_V3\" transform=\"translate(-441.000000, -776.000000)\" fill=\"#FFFFFF\" fill-rule=\"nonzero\"><path d=\"M449.706835,772.293165 L444.999835,777.000165 C444.747249,777.252751 444.648602,777.620905 444.741055,777.965945 C444.833509,778.310985 445.103015,778.580491 445.448055,778.672945 C445.793095,778.765398 446.161249,778.666751 446.413835,778.414165 L448.706835,776.121165 L448.706835,788.707165 C448.706835,789.259449 449.154551,789.707165 449.706835,789.707165 C450.25912,789.707165 450.706835,789.259449 450.706835,788.707165 L450.706835,776.121165 L452.999835,778.414165 C453.18697,778.602374 453.441426,778.7082 453.706835,778.7082 C453.972245,778.7082 454.2267,778.602374 454.413835,778.414165 C454.601552,778.226767 454.707036,777.97241 454.707036,777.707165 C454.707036,777.441919 454.601552,777.187562 454.413835,777.000165 L449.706835,772.293165 Z\" id=\"Path\" transform=\"translate(449.707000, 781.000165) rotate(-270.000000) translate(-449.707000, -781.000165) \"><\/path><\/g><\/g><\/svg>\t\t\t<\/span>\n\t\t\t\t\t\t\t\t\t<span class=\"elementor-button-text\">Make an appointment<\/span>\n\t\t\t\t\t<\/span>\n\t\t\t\t\t<\/a>\n\t\t\t\t<\/div>\n\t\t\t\t\t\t\t\t<\/div>\n\t\t\t\t<\/div>\n\t\t\t\t<\/div>\n\t\t<div class=\"elementor-element elementor-element-bc07c03 e-con-full e-flex e-con e-child\" data-id=\"bc07c03\" data-element_type=\"container\">\n\t\t\t\t<div class=\"elementor-element elementor-element-6b388e9 elementor-widget__width-initial elementor-widget elementor-widget-heading\" data-id=\"6b388e9\" data-element_type=\"widget\" data-widget_type=\"heading.default\">\n\t\t\t\t<div class=\"elementor-widget-container\">\n\t\t\t\t\t<h2 class=\"elementor-heading-title elementor-size-default\">2. Support in Intergenerational Strategic Planning<\/h2>\t\t\t\t<\/div>\n\t\t\t\t<\/div>\n\t\t\t\t<div class=\"elementor-element elementor-element-29827a1 elementor-widget__width-initial elementor-widget elementor-widget-text-editor\" data-id=\"29827a1\" data-element_type=\"widget\" id=\"servucesID\" data-widget_type=\"text-editor.default\">\n\t\t\t\t<div class=\"elementor-widget-container\">\n\t\t\t\t\t\t\t\t\t<p>Our ongoing support packages are established after the initial analysis and serve as the anchor of our long-term partnership towards the achievement of your strategic family objectives.<br \/><br \/>The frequency of follow-up appointments for the coordination of ongoing actions and Agile planning appointments is based on the scope of the actions to be taken and your ambition to achieve them.<br \/><br \/>As an integrator, we ensure agile management of integrated family projects and services, which allows us to review and implement financial solutions, in collaboration with various professionals.<br \/><br \/>We also conduct the continuous review of the intergenerational strategic plan, updating analyses and priorities, as well as financial projections and personal financial statements.<\/p>\t\t\t\t\t\t\t\t<\/div>\n\t\t\t\t<\/div>\n\t\t\t\t<div class=\"elementor-element elementor-element-bd05255 elementor-align-center elementor-widget elementor-widget-button\" data-id=\"bd05255\" data-element_type=\"widget\" data-widget_type=\"button.default\">\n\t\t\t\t<div class=\"elementor-widget-container\">\n\t\t\t\t\t\t\t\t\t<div class=\"elementor-button-wrapper\">\n\t\t\t\t\t<a class=\"elementor-button elementor-button-link elementor-size-sm\" href=\"#\">\n\t\t\t\t\t\t<span class=\"elementor-button-content-wrapper\">\n\t\t\t\t\t\t<span class=\"elementor-button-icon\">\n\t\t\t\t<svg xmlns=\"http:\/\/www.w3.org\/2000\/svg\" xmlns:xlink=\"http:\/\/www.w3.org\/1999\/xlink\" width=\"18px\" height=\"10px\" viewbox=\"0 0 18 10\"><title>Path<\/title><g id=\"MAQUETTE_WEB\" stroke=\"none\" stroke-width=\"1\" fill=\"none\" fill-rule=\"evenodd\"><g id=\"planisource_maquetteweb_ACCUEIL_2023.03.15_V3\" transform=\"translate(-441.000000, -776.000000)\" fill=\"#FFFFFF\" fill-rule=\"nonzero\"><path d=\"M449.706835,772.293165 L444.999835,777.000165 C444.747249,777.252751 444.648602,777.620905 444.741055,777.965945 C444.833509,778.310985 445.103015,778.580491 445.448055,778.672945 C445.793095,778.765398 446.161249,778.666751 446.413835,778.414165 L448.706835,776.121165 L448.706835,788.707165 C448.706835,789.259449 449.154551,789.707165 449.706835,789.707165 C450.25912,789.707165 450.706835,789.259449 450.706835,788.707165 L450.706835,776.121165 L452.999835,778.414165 C453.18697,778.602374 453.441426,778.7082 453.706835,778.7082 C453.972245,778.7082 454.2267,778.602374 454.413835,778.414165 C454.601552,778.226767 454.707036,777.97241 454.707036,777.707165 C454.707036,777.441919 454.601552,777.187562 454.413835,777.000165 L449.706835,772.293165 Z\" id=\"Path\" transform=\"translate(449.707000, 781.000165) rotate(-270.000000) translate(-449.707000, -781.000165) \"><\/path><\/g><\/g><\/svg>\t\t\t<\/span>\n\t\t\t\t\t\t\t\t\t<span class=\"elementor-button-text\">Make an appointment<\/span>\n\t\t\t\t\t<\/span>\n\t\t\t\t\t<\/a>\n\t\t\t\t<\/div>\n\t\t\t\t\t\t\t\t<\/div>\n\t\t\t\t<\/div>\n\t\t\t\t<\/div>\n\t\t\t\t\t<\/div>\n\t\t\t\t<\/div>\n\t\t\t\t\t<\/div>\n\t\t\t\t<\/div>\n\t\t<div class=\"elementor-element elementor-element-82bdcc5 e-flex e-con-boxed e-con e-parent\" data-id=\"82bdcc5\" data-element_type=\"container\" data-settings=\"{&quot;background_background&quot;:&quot;classic&quot;}\">\n\t\t\t\t\t<div class=\"e-con-inner\">\n\t\t<div class=\"elementor-element elementor-element-1123fb6 e-con-full e-flex e-con e-child\" data-id=\"1123fb6\" data-element_type=\"container\">\n\t\t\t\t<\/div>\n\t\t<div class=\"elementor-element elementor-element-f2f2727 e-con-full e-flex e-con e-child\" data-id=\"f2f2727\" data-element_type=\"container\">\n\t\t\t\t<div class=\"elementor-element elementor-element-b56235b elementor-position-left elementor-widget__width-initial elementor-widget-laptop__width-auto elementor-vertical-align-top elementor-widget elementor-widget-image-box\" data-id=\"b56235b\" data-element_type=\"widget\" data-widget_type=\"image-box.default\">\n\t\t\t\t<div class=\"elementor-widget-container\">\n\t\t\t\t\t<div class=\"elementor-image-box-wrapper\"><figure class=\"elementor-image-box-img\"><img decoding=\"async\" width=\"62\" height=\"62\" src=\"https:\/\/planisource.com\/wp-content\/uploads\/2023\/10\/people-circle.svg\" class=\"attachment-full size-full wp-image-706\" alt=\"\" \/><\/figure><\/div>\t\t\t\t<\/div>\n\t\t\t\t<\/div>\n\t\t\t\t<div class=\"elementor-element elementor-element-ce33ca2 elementor-widget__width-initial elementor-widget-laptop__width-initial elementor-widget-tablet__width-initial elementor-vertical-align-top elementor-widget elementor-widget-image-box\" data-id=\"ce33ca2\" data-element_type=\"widget\" data-widget_type=\"image-box.default\">\n\t\t\t\t<div class=\"elementor-widget-container\">\n\t\t\t\t\t<div class=\"elementor-image-box-wrapper\"><div class=\"elementor-image-box-content\"><p class=\"elementor-image-box-description\">In order to ensure the coordinated implementation of recommendations, our team offers customized consulting services adapted to the projects to be realized.<\/p><\/div><\/div>\t\t\t\t<\/div>\n\t\t\t\t<\/div>\n\t\t\t\t<\/div>\n\t\t<div class=\"elementor-element elementor-element-670035a e-con-full e-flex e-con e-child\" data-id=\"670035a\" data-element_type=\"container\">\n\t\t\t\t<div class=\"elementor-element elementor-element-e628f46 elementor-position-left elementor-widget__width-auto elementor-vertical-align-top elementor-widget elementor-widget-image-box\" data-id=\"e628f46\" data-element_type=\"widget\" data-widget_type=\"image-box.default\">\n\t\t\t\t<div class=\"elementor-widget-container\">\n\t\t\t\t\t<div class=\"elementor-image-box-wrapper\"><figure class=\"elementor-image-box-img\"><img decoding=\"async\" width=\"62\" height=\"62\" src=\"https:\/\/planisource.com\/wp-content\/uploads\/2023\/10\/message.svg\" class=\"attachment-full size-full wp-image-709\" alt=\"\" \/><\/figure><\/div>\t\t\t\t<\/div>\n\t\t\t\t<\/div>\n\t\t\t\t<div class=\"elementor-element elementor-element-2bd375e elementor-widget__width-initial elementor-widget-laptop__width-initial elementor-vertical-align-top elementor-widget elementor-widget-image-box\" data-id=\"2bd375e\" data-element_type=\"widget\" data-widget_type=\"image-box.default\">\n\t\t\t\t<div class=\"elementor-widget-container\">\n\t\t\t\t\t<div class=\"elementor-image-box-wrapper\"><div class=\"elementor-image-box-content\"><p class=\"elementor-image-box-description\">We offer a range of services that include facilitating strategic meetings as a vision keeper. We coordinate formal and informal meetings between professionals, family members, partners and the next generation to promote better communication, make informed decisions and coordinate future actions.<\/p><\/div><\/div>\t\t\t\t<\/div>\n\t\t\t\t<\/div>\n\t\t\t\t<\/div>\n\t\t<div class=\"elementor-element elementor-element-02a2c27 e-con-full e-flex e-con e-child\" data-id=\"02a2c27\" data-element_type=\"container\">\n\t\t\t\t<div class=\"elementor-element elementor-element-c2368e3 elementor-position-left elementor-widget__width-auto elementor-vertical-align-top elementor-widget elementor-widget-image-box\" data-id=\"c2368e3\" data-element_type=\"widget\" data-widget_type=\"image-box.default\">\n\t\t\t\t<div class=\"elementor-widget-container\">\n\t\t\t\t\t<div class=\"elementor-image-box-wrapper\"><figure class=\"elementor-image-box-img\"><img decoding=\"async\" width=\"62\" height=\"62\" src=\"https:\/\/planisource.com\/wp-content\/uploads\/2023\/10\/hande.svg\" class=\"attachment-full size-full wp-image-707\" alt=\"\" \/><\/figure><\/div>\t\t\t\t<\/div>\n\t\t\t\t<\/div>\n\t\t\t\t<div class=\"elementor-element elementor-element-88299b3 elementor-widget__width-initial elementor-widget-laptop__width-initial elementor-vertical-align-top elementor-widget elementor-widget-image-box\" data-id=\"88299b3\" data-element_type=\"widget\" data-widget_type=\"image-box.default\">\n\t\t\t\t<div class=\"elementor-widget-container\">\n\t\t\t\t\t<div class=\"elementor-image-box-wrapper\"><div class=\"elementor-image-box-content\"><p class=\"elementor-image-box-description\">We are involved with rigor and benevolence in the implementation actions. We ensure strategic alignment with your vision and a coordinated integration of the various trusted people serving your family, in all aspects: accountants, lawyers, financial insurers, to name a few.<\/p><\/div><\/div>\t\t\t\t<\/div>\n\t\t\t\t<\/div>\n\t\t\t\t<div class=\"elementor-element elementor-element-7f84b62 elementor-widget elementor-widget-menu-anchor\" data-id=\"7f84b62\" data-element_type=\"widget\" data-widget_type=\"menu-anchor.default\">\n\t\t\t\t<div class=\"elementor-widget-container\">\n\t\t\t\t\t\t\t<div class=\"elementor-menu-anchor\" id=\"methode\"><\/div>\n\t\t\t\t\t\t<\/div>\n\t\t\t\t<\/div>\n\t\t\t\t<\/div>\n\t\t<div class=\"elementor-element elementor-element-eb51ad2 e-con-full e-flex e-con e-child\" data-id=\"eb51ad2\" data-element_type=\"container\">\n\t\t\t\t<div class=\"elementor-element elementor-element-32fc019 elementor-position-left elementor-widget__width-auto elementor-vertical-align-top elementor-widget elementor-widget-image-box\" data-id=\"32fc019\" data-element_type=\"widget\" data-widget_type=\"image-box.default\">\n\t\t\t\t<div class=\"elementor-widget-container\">\n\t\t\t\t\t<div class=\"elementor-image-box-wrapper\"><figure class=\"elementor-image-box-img\"><img loading=\"lazy\" decoding=\"async\" width=\"62\" height=\"62\" src=\"https:\/\/planisource.com\/wp-content\/uploads\/2023\/10\/shield.svg\" class=\"attachment-full size-full wp-image-710\" alt=\"\" \/><\/figure><\/div>\t\t\t\t<\/div>\n\t\t\t\t<\/div>\n\t\t\t\t<div class=\"elementor-element elementor-element-1c4b7f4 elementor-widget__width-initial elementor-widget-laptop__width-initial elementor-vertical-align-top elementor-widget elementor-widget-image-box\" data-id=\"1c4b7f4\" data-element_type=\"widget\" data-widget_type=\"image-box.default\">\n\t\t\t\t<div class=\"elementor-widget-container\">\n\t\t\t\t\t<div class=\"elementor-image-box-wrapper\"><div class=\"elementor-image-box-content\"><p class=\"elementor-image-box-description\">As a defender of values and interests, we provide governance for wealth management solutions on a lump-sum basis. This includes establishing the risk profile and investment policy, coordinating external managers, benchmarking the strategies employed, setting up the investment committee and conducting follow-up meetings.<\/p><\/div><\/div>\t\t\t\t<\/div>\n\t\t\t\t<\/div>\n\t\t\t\t<\/div>\n\t\t<div class=\"elementor-element elementor-element-04a3b8d e-con-full e-flex e-con e-child\" data-id=\"04a3b8d\" data-element_type=\"container\">\n\t\t\t\t<div class=\"elementor-element elementor-element-3eaafd8 elementor-align-center elementor-widget elementor-widget-button\" data-id=\"3eaafd8\" data-element_type=\"widget\" data-widget_type=\"button.default\">\n\t\t\t\t<div class=\"elementor-widget-container\">\n\t\t\t\t\t\t\t\t\t<div class=\"elementor-button-wrapper\">\n\t\t\t\t\t<a class=\"elementor-button elementor-button-link elementor-size-sm\" href=\"#\">\n\t\t\t\t\t\t<span class=\"elementor-button-content-wrapper\">\n\t\t\t\t\t\t<span class=\"elementor-button-icon\">\n\t\t\t\t<svg xmlns=\"http:\/\/www.w3.org\/2000\/svg\" xmlns:xlink=\"http:\/\/www.w3.org\/1999\/xlink\" width=\"18px\" height=\"10px\" viewbox=\"0 0 18 10\"><title>Path<\/title><g id=\"MAQUETTE_WEB\" stroke=\"none\" stroke-width=\"1\" fill=\"none\" fill-rule=\"evenodd\"><g id=\"planisource_maquetteweb_ACCUEIL_2023.03.15_V3\" transform=\"translate(-441.000000, -776.000000)\" fill=\"#FFFFFF\" fill-rule=\"nonzero\"><path d=\"M449.706835,772.293165 L444.999835,777.000165 C444.747249,777.252751 444.648602,777.620905 444.741055,777.965945 C444.833509,778.310985 445.103015,778.580491 445.448055,778.672945 C445.793095,778.765398 446.161249,778.666751 446.413835,778.414165 L448.706835,776.121165 L448.706835,788.707165 C448.706835,789.259449 449.154551,789.707165 449.706835,789.707165 C450.25912,789.707165 450.706835,789.259449 450.706835,788.707165 L450.706835,776.121165 L452.999835,778.414165 C453.18697,778.602374 453.441426,778.7082 453.706835,778.7082 C453.972245,778.7082 454.2267,778.602374 454.413835,778.414165 C454.601552,778.226767 454.707036,777.97241 454.707036,777.707165 C454.707036,777.441919 454.601552,777.187562 454.413835,777.000165 L449.706835,772.293165 Z\" id=\"Path\" transform=\"translate(449.707000, 781.000165) rotate(-270.000000) translate(-449.707000, -781.000165) \"><\/path><\/g><\/g><\/svg>\t\t\t<\/span>\n\t\t\t\t\t\t\t\t\t<span class=\"elementor-button-text\">Seek advice<\/span>\n\t\t\t\t\t<\/span>\n\t\t\t\t\t<\/a>\n\t\t\t\t<\/div>\n\t\t\t\t\t\t\t\t<\/div>\n\t\t\t\t<\/div>\n\t\t\t\t<\/div>\n\t\t\t\t\t<\/div>\n\t\t\t\t<\/div>\n\t\t<div class=\"elementor-element elementor-element-d7defd7 e-flex e-con-boxed e-con e-parent\" data-id=\"d7defd7\" data-element_type=\"container\">\n\t\t\t\t\t<div class=\"e-con-inner\">\n\t\t<div class=\"elementor-element elementor-element-e2dd6e7 e-con-full e-flex e-con e-child\" data-id=\"e2dd6e7\" data-element_type=\"container\">\n\t\t\t\t<div class=\"elementor-element elementor-element-c561f12 elementor-widget__width-initial elementor-widget elementor-widget-text-editor\" data-id=\"c561f12\" data-element_type=\"widget\" data-widget_type=\"text-editor.default\">\n\t\t\t\t<div class=\"elementor-widget-container\">\n\t\t\t\t\t\t\t\t\t<p>We've built a model that emphasizes collaboration with your current advisors, human relations, and overall planning to move you forward. Our method is Agile, which allows us to work together to get a global vision to offer better solutions. All our plans are based on the specific situation of our clients.<br \/><br \/>Our model allows us to bring out the best in each person to achieve remarkable results. Nothing is more powerful than interpersonal skills, and we have not only understood this, but also implemented it in all areas of our business. We are also strongly guided by our family values and this thirst for collaboration, which means that we understand your reality. As a result, we can offer you the best possible solution adapted to your situation.<br \/><br \/>Our approach is differentiated by a 360-degree vision that allows us to assess the evolution of your wealth and present options for the use of your financial resources.<\/p>\t\t\t\t\t\t\t\t<\/div>\n\t\t\t\t<\/div>\n\t\t\t\t<\/div>\n\t\t<div class=\"elementor-element elementor-element-c9b10ce e-con-full e-flex e-con e-child\" data-id=\"c9b10ce\" data-element_type=\"container\">\n\t\t\t\t<\/div>\n\t\t\t\t\t<\/div>\n\t\t\t\t<\/div>\n\t\t\t\t<\/div>","protected":false},"excerpt":{"rendered":"<p>Que faisons-nous? Nous cr\u00e9ons de la valeur pour les familles en affaires et les entrepreneurs Nos experts accompagnent les familles qui d\u00e9sirent que leurs valeurs familiales et leur patrimoine aient un impact positif pour plus de 2 g\u00e9n\u00e9rations futures. De plus, notre \u00e9quipe aide les familles entreprenantes souhaitant p\u00e9renniser leur patrimoine et assiste les entrepreneurs [&hellip;]<\/p>","protected":false},"author":1,"featured_media":0,"parent":0,"menu_order":0,"comment_status":"closed","ping_status":"closed","template":"elementor_header_footer","meta":{"inline_featured_image":false,"footnotes":""},"class_list":["post-670","page","type-page","status-publish","hentry"],"acf":[],"_links":{"self":[{"href":"https:\/\/planisource.com\/en\/wp-json\/wp\/v2\/pages\/670","targetHints":{"allow":["GET"]}}],"collection":[{"href":"https:\/\/planisource.com\/en\/wp-json\/wp\/v2\/pages"}],"about":[{"href":"https:\/\/planisource.com\/en\/wp-json\/wp\/v2\/types\/page"}],"author":[{"embeddable":true,"href":"https:\/\/planisource.com\/en\/wp-json\/wp\/v2\/users\/1"}],"replies":[{"embeddable":true,"href":"https:\/\/planisource.com\/en\/wp-json\/wp\/v2\/comments?post=670"}],"version-history":[{"count":679,"href":"https:\/\/planisource.com\/en\/wp-json\/wp\/v2\/pages\/670\/revisions"}],"predecessor-version":[{"id":6251,"href":"https:\/\/planisource.com\/en\/wp-json\/wp\/v2\/pages\/670\/revisions\/6251"}],"wp:attachment":[{"href":"https:\/\/planisource.com\/en\/wp-json\/wp\/v2\/media?parent=670"}],"curies":[{"name":"wp","href":"https:\/\/api.w.org\/{rel}","templated":true}]}}